{"id":212,"date":"2025-11-15T13:11:11","date_gmt":"2025-11-15T13:11:11","guid":{"rendered":"https:\/\/vukovarbusinessforum.hr\/en\/?page_id=212"},"modified":"2026-02-27T16:23:59","modified_gmt":"2026-02-27T16:23:59","slug":"contact","status":"publish","type":"page","link":"https:\/\/vukovarbusinessforum.hr\/en\/contact\/","title":{"rendered":"Contact"},"content":{"rendered":"<p>Sva pitanja zainteresiranih izlaga\u010da, posjetitelja, pokrovitelja, sponzora, medija i ostalih zainteresiranih strana mo\u017eete uputiti na sljede\u0107e kontakte:<\/p>\n<p>Mail: organizacija@vbf.hr<\/p>\n<p>Mail: davor.nadi@northconsulting.hr<br \/>\nMail: vgz@vgz.hr<\/p>\n<p>Za kupnju ulaznice ili paketa za izlaga\u010de ponudu zatra\u017eite na mail:\u00a0organizacija@vbf.hr<\/p>\n","protected":false},"excerpt":{"rendered":"<p>Sva pitanja zainteresiranih izlaga\u010da, posjetitelja, pokrovitelja, sponzora, medija i ostalih zainteresiranih strana mo\u017eete uputiti na sljede\u0107e kontakte: Mail: organizacija@vbf.hr Mail: davor.nadi@northconsulting.hr Mail: vgz@vgz.hr Za kupnju ulaznice ili paketa za izlaga\u010de ponudu zatra\u017eite na mail:\u00a0organizacija@vbf.hr<\/p>\n","protected":false},"author":1,"featured_media":0,"parent":0,"menu_order":0,"comment_status":"closed","ping_status":"closed","template":"page-kontakt.php","meta":{"_acf_changed":false,"footnotes":""},"class_list":["post-212","page","type-page","status-publish","hentry"],"acf":[],"_links":{"self":[{"href":"https:\/\/vukovarbusinessforum.hr\/en\/wp-json\/wp\/v2\/pages\/212","targetHints":{"allow":["GET"]}}],"collection":[{"href":"https:\/\/vukovarbusinessforum.hr\/en\/wp-json\/wp\/v2\/pages"}],"about":[{"href":"https:\/\/vukovarbusinessforum.hr\/en\/wp-json\/wp\/v2\/types\/page"}],"author":[{"embeddable":true,"href":"https:\/\/vukovarbusinessforum.hr\/en\/wp-json\/wp\/v2\/users\/1"}],"replies":[{"embeddable":true,"href":"https:\/\/vukovarbusinessforum.hr\/en\/wp-json\/wp\/v2\/comments?post=212"}],"version-history":[{"count":10,"href":"https:\/\/vukovarbusinessforum.hr\/en\/wp-json\/wp\/v2\/pages\/212\/revisions"}],"predecessor-version":[{"id":659,"href":"https:\/\/vukovarbusinessforum.hr\/en\/wp-json\/wp\/v2\/pages\/212\/revisions\/659"}],"wp:attachment":[{"href":"https:\/\/vukovarbusinessforum.hr\/en\/wp-json\/wp\/v2\/media?parent=212"}],"curies":[{"name":"wp","href":"https:\/\/api.w.org\/{rel}","templated":true}]}}